{"id":130,"date":"2024-12-21T17:14:47","date_gmt":"2024-12-21T16:14:47","guid":{"rendered":"https:\/\/aquazen.club\/?page_id=130"},"modified":"2024-12-21T17:14:48","modified_gmt":"2024-12-21T16:14:48","slug":"nos-partenaires","status":"publish","type":"page","link":"https:\/\/aquazen.club\/index.php\/nos-partenaires\/","title":{"rendered":"Nos partenaires"},"content":{"rendered":"\n<ul class=\"wp-block-list\">\n<li><a href=\"https:\/\/centreffessm.fr\/commission-apnee\/\" target=\"_blank\" rel=\"noreferrer noopener\">Comit\u00e9 Centre FFESSM : Toutes les activit\u00e9s de Formations Apn\u00e9es et plus &#8230;<\/a><\/li>\n\n\n\n<li><a href=\"https:\/\/codep41ffessm.clubeo.com\/\" data-type=\"link\" data-id=\"https:\/\/codep41ffessm.clubeo.com\/\" target=\"_blank\" rel=\"noreferrer noopener\">Comit\u00e9 D\u00e9partemental 41 FFESSM<\/a><\/li>\n\n\n\n<li><a href=\"https:\/\/www.territoiresvendomois.fr\/pratique\/sport\/\" target=\"_blank\" rel=\"noreferrer noopener\">Mairie et Territoires de Vend\u00f4me<\/a><\/li>\n\n\n\n<li><a href=\"https:\/\/www.piscinedes3rivieres.fr\/aquatique\/\" target=\"_blank\" rel=\"noreferrer noopener\">Piscine de Cloyes-sur-le-Loir<\/a><\/li>\n\n\n\n<li><a href=\"https:\/\/www.vendome.eu\/pratique\/sport\/centre-aquatique-des-grands-pres\/\" target=\"_blank\" rel=\"noreferrer noopener\">Piscine de Vend\u00f4me (bient\u00f4t &#8230;)<\/a><\/li>\n\n\n\n<li><a href=\"https:\/\/www.vendome-associations.fr\/\" target=\"_blank\" rel=\"noreferrer noopener\">Vend\u2019Asso<\/a><\/li>\n<\/ul>\n","protected":false},"excerpt":{"rendered":"","protected":false},"author":2,"featured_media":0,"parent":0,"menu_order":0,"comment_status":"closed","ping_status":"closed","template":"","meta":{"footnotes":""},"class_list":["post-130","page","type-page","status-publish","hentry"],"yoast_head":"<!-- This site is optimized with the Yoast SEO plugin v27.3 - https:\/\/yoast.com\/product\/yoast-seo-wordpress\/ -->\n<title>Nos partenaires - AquaZen Club<\/title>\n<meta name=\"robots\" content=\"index, follow, max-snippet:-1, max-image-preview:large, max-video-preview:-1\" \/>\n<link rel=\"canonical\" href=\"https:\/\/aquazen.club\/index.php\/nos-partenaires\/\" \/>\n<meta property=\"og:locale\" content=\"fr_FR\" \/>\n<meta property=\"og:type\" content=\"article\" \/>\n<meta property=\"og:title\" content=\"Nos partenaires - AquaZen Club\" \/>\n<meta property=\"og:url\" content=\"https:\/\/aquazen.club\/index.php\/nos-partenaires\/\" \/>\n<meta property=\"og:site_name\" content=\"AquaZen Club\" \/>\n<meta property=\"article:modified_time\" content=\"2024-12-21T16:14:48+00:00\" \/>\n<meta name=\"twitter:card\" content=\"summary_large_image\" \/>\n<script type=\"application\/ld+json\" class=\"yoast-schema-graph\">{\"@context\":\"https:\\\/\\\/schema.org\",\"@graph\":[{\"@type\":\"WebPage\",\"@id\":\"https:\\\/\\\/aquazen.club\\\/index.php\\\/nos-partenaires\\\/\",\"url\":\"https:\\\/\\\/aquazen.club\\\/index.php\\\/nos-partenaires\\\/\",\"name\":\"Nos partenaires - AquaZen Club\",\"isPartOf\":{\"@id\":\"https:\\\/\\\/aquazen.club\\\/#website\"},\"datePublished\":\"2024-12-21T16:14:47+00:00\",\"dateModified\":\"2024-12-21T16:14:48+00:00\",\"breadcrumb\":{\"@id\":\"https:\\\/\\\/aquazen.club\\\/index.php\\\/nos-partenaires\\\/#breadcrumb\"},\"inLanguage\":\"fr-FR\",\"potentialAction\":[{\"@type\":\"ReadAction\",\"target\":[\"https:\\\/\\\/aquazen.club\\\/index.php\\\/nos-partenaires\\\/\"]}]},{\"@type\":\"BreadcrumbList\",\"@id\":\"https:\\\/\\\/aquazen.club\\\/index.php\\\/nos-partenaires\\\/#breadcrumb\",\"itemListElement\":[{\"@type\":\"ListItem\",\"position\":1,\"name\":\"Accueil\",\"item\":\"https:\\\/\\\/aquazen.club\\\/\"},{\"@type\":\"ListItem\",\"position\":2,\"name\":\"Nos partenaires\"}]},{\"@type\":\"WebSite\",\"@id\":\"https:\\\/\\\/aquazen.club\\\/#website\",\"url\":\"https:\\\/\\\/aquazen.club\\\/\",\"name\":\"AquaZen Club\",\"description\":\"Respirez. Plongez. Grandissez.\",\"publisher\":{\"@id\":\"https:\\\/\\\/aquazen.club\\\/#organization\"},\"potentialAction\":[{\"@type\":\"SearchAction\",\"target\":{\"@type\":\"EntryPoint\",\"urlTemplate\":\"https:\\\/\\\/aquazen.club\\\/?s={search_term_string}\"},\"query-input\":{\"@type\":\"PropertyValueSpecification\",\"valueRequired\":true,\"valueName\":\"search_term_string\"}}],\"inLanguage\":\"fr-FR\"},{\"@type\":\"Organization\",\"@id\":\"https:\\\/\\\/aquazen.club\\\/#organization\",\"name\":\"AquaZen Club\",\"url\":\"https:\\\/\\\/aquazen.club\\\/\",\"logo\":{\"@type\":\"ImageObject\",\"inLanguage\":\"fr-FR\",\"@id\":\"https:\\\/\\\/aquazen.club\\\/#\\\/schema\\\/logo\\\/image\\\/\",\"url\":\"https:\\\/\\\/aquazen.club\\\/wp-content\\\/uploads\\\/2024\\\/11\\\/cropped-Logo-AquaZen.jpg\",\"contentUrl\":\"https:\\\/\\\/aquazen.club\\\/wp-content\\\/uploads\\\/2024\\\/11\\\/cropped-Logo-AquaZen.jpg\",\"width\":346,\"height\":314,\"caption\":\"AquaZen Club\"},\"image\":{\"@id\":\"https:\\\/\\\/aquazen.club\\\/#\\\/schema\\\/logo\\\/image\\\/\"}}]}<\/script>\n<!-- \/ Yoast SEO plugin. -->","yoast_head_json":{"title":"Nos partenaires - AquaZen Club","robots":{"index":"index","follow":"follow","max-snippet":"max-snippet:-1","max-image-preview":"max-image-preview:large","max-video-preview":"max-video-preview:-1"},"canonical":"https:\/\/aquazen.club\/index.php\/nos-partenaires\/","og_locale":"fr_FR","og_type":"article","og_title":"Nos partenaires - AquaZen Club","og_url":"https:\/\/aquazen.club\/index.php\/nos-partenaires\/","og_site_name":"AquaZen Club","article_modified_time":"2024-12-21T16:14:48+00:00","twitter_card":"summary_large_image","schema":{"@context":"https:\/\/schema.org","@graph":[{"@type":"WebPage","@id":"https:\/\/aquazen.club\/index.php\/nos-partenaires\/","url":"https:\/\/aquazen.club\/index.php\/nos-partenaires\/","name":"Nos partenaires - AquaZen Club","isPartOf":{"@id":"https:\/\/aquazen.club\/#website"},"datePublished":"2024-12-21T16:14:47+00:00","dateModified":"2024-12-21T16:14:48+00:00","breadcrumb":{"@id":"https:\/\/aquazen.club\/index.php\/nos-partenaires\/#breadcrumb"},"inLanguage":"fr-FR","potentialAction":[{"@type":"ReadAction","target":["https:\/\/aquazen.club\/index.php\/nos-partenaires\/"]}]},{"@type":"BreadcrumbList","@id":"https:\/\/aquazen.club\/index.php\/nos-partenaires\/#breadcrumb","itemListElement":[{"@type":"ListItem","position":1,"name":"Accueil","item":"https:\/\/aquazen.club\/"},{"@type":"ListItem","position":2,"name":"Nos partenaires"}]},{"@type":"WebSite","@id":"https:\/\/aquazen.club\/#website","url":"https:\/\/aquazen.club\/","name":"AquaZen Club","description":"Respirez. Plongez. Grandissez.","publisher":{"@id":"https:\/\/aquazen.club\/#organization"},"potentialAction":[{"@type":"SearchAction","target":{"@type":"EntryPoint","urlTemplate":"https:\/\/aquazen.club\/?s={search_term_string}"},"query-input":{"@type":"PropertyValueSpecification","valueRequired":true,"valueName":"search_term_string"}}],"inLanguage":"fr-FR"},{"@type":"Organization","@id":"https:\/\/aquazen.club\/#organization","name":"AquaZen Club","url":"https:\/\/aquazen.club\/","logo":{"@type":"ImageObject","inLanguage":"fr-FR","@id":"https:\/\/aquazen.club\/#\/schema\/logo\/image\/","url":"https:\/\/aquazen.club\/wp-content\/uploads\/2024\/11\/cropped-Logo-AquaZen.jpg","contentUrl":"https:\/\/aquazen.club\/wp-content\/uploads\/2024\/11\/cropped-Logo-AquaZen.jpg","width":346,"height":314,"caption":"AquaZen Club"},"image":{"@id":"https:\/\/aquazen.club\/#\/schema\/logo\/image\/"}}]}},"_links":{"self":[{"href":"https:\/\/aquazen.club\/index.php\/wp-json\/wp\/v2\/pages\/130","targetHints":{"allow":["GET"]}}],"collection":[{"href":"https:\/\/aquazen.club\/index.php\/wp-json\/wp\/v2\/pages"}],"about":[{"href":"https:\/\/aquazen.club\/index.php\/wp-json\/wp\/v2\/types\/page"}],"author":[{"embeddable":true,"href":"https:\/\/aquazen.club\/index.php\/wp-json\/wp\/v2\/users\/2"}],"replies":[{"embeddable":true,"href":"https:\/\/aquazen.club\/index.php\/wp-json\/wp\/v2\/comments?post=130"}],"version-history":[{"count":1,"href":"https:\/\/aquazen.club\/index.php\/wp-json\/wp\/v2\/pages\/130\/revisions"}],"predecessor-version":[{"id":131,"href":"https:\/\/aquazen.club\/index.php\/wp-json\/wp\/v2\/pages\/130\/revisions\/131"}],"wp:attachment":[{"href":"https:\/\/aquazen.club\/index.php\/wp-json\/wp\/v2\/media?parent=130"}],"curies":[{"name":"wp","href":"https:\/\/api.w.org\/{rel}","templated":true}]}}