{"id":2,"date":"2024-10-07T12:37:06","date_gmt":"2024-10-07T10:37:06","guid":{"rendered":"https:\/\/aquazen.club\/?page_id=2"},"modified":"2024-10-08T20:52:14","modified_gmt":"2024-10-08T18:52:14","slug":"aquazen-club","status":"publish","type":"page","link":"https:\/\/aquazen.club\/index.php\/aquazen-club\/","title":{"rendered":"Le club"},"content":{"rendered":"\n<h2 class=\"wp-block-heading\">Plongez dans l\u2019apn\u00e9e avec AquaZen&nbsp;: o\u00f9 le souffle devient pouvoir<\/h2>\n\n\n\n<p>AquaZen vous invite \u00e0 d\u00e9couvrir l\u2019apn\u00e9e autrement&nbsp;: une pratique bienveillante, ludique et sereine, o\u00f9 chaque immersion est une nouvelle aventure. Ici, l\u2019apn\u00e9e n\u2019est pas une simple discipline, c\u2019est un v\u00e9ritable art de la respiration. Apprenez \u00e0 ma\u00eetriser votre souffle, \u00e0 lib\u00e9rer votre esprit et \u00e0 vous connecter \u00e0 vous-m\u00eame tout en profitant d\u2019un cadre s\u00e9curis\u00e9.<\/p>\n\n\n\n<p>Que vous d\u00e9butiez ou que vous ayez d\u00e9j\u00e0 une bonne exp\u00e9rience de l\u2019apn\u00e9e, rejoignez un groupe soud\u00e9 et solidaire o\u00f9 chacun progresse \u00e0 son rythme, port\u00e9 par l\u2019\u00e9nergie collective et un encadrement comp\u00e9tent. Ensemble, nous faisons de chaque s\u00e9ance un moment de d\u00e9tente et d\u2019accomplissement, toujours dans le respect de soi et des autres.<\/p>\n\n\n\n<p class=\"has-text-align-center has-central-palette-6-color has-central-palette-2-background-color has-text-color has-background has-link-color has-medium-font-size wp-elements-48f954548087a19843e0ac2f9b8cb1cd\">Respirez, plongez, grandissez&nbsp;: AquaZen, le pouvoir du souffle \u00e0 votre port\u00e9e.<\/p>\n","protected":false},"excerpt":{"rendered":"<p>Plongez dans l\u2019apn\u00e9e avec AquaZen&nbsp;: o\u00f9 le souffle devient pouvoir AquaZen vous invite \u00e0 d\u00e9couvrir l\u2019apn\u00e9e autrement&nbsp;: une pratique bienveillante, ludique et sereine, o\u00f9 chaque immersion est une nouvelle aventure. Ici, l\u2019apn\u00e9e n\u2019est pas une simple discipline, c\u2019est un v\u00e9ritable art de la respiration. Apprenez \u00e0 ma\u00eetriser votre souffle, \u00e0 lib\u00e9rer votre esprit et \u00e0 [&hellip;]<\/p>\n","protected":false},"author":2,"featured_media":32,"parent":0,"menu_order":0,"comment_status":"closed","ping_status":"open","template":"","meta":{"footnotes":""},"class_list":["post-2","page","type-page","status-publish","has-post-thumbnail","hentry"],"yoast_head":"<!-- This site is optimized with the Yoast SEO plugin v27.4 - https:\/\/yoast.com\/product\/yoast-seo-wordpress\/ -->\n<title>Le club - AquaZen Club<\/title>\n<meta name=\"description\" content=\"AquaZen \u00e0 Vend\u00f4me : l&#039;apn\u00e9e autrement. Le souffle devient pouvoir, dans une pratique s\u00e9curis\u00e9e, bienveillante et solidaire.\" \/>\n<meta name=\"robots\" content=\"index, follow, max-snippet:-1, max-image-preview:large, max-video-preview:-1\" \/>\n<link rel=\"canonical\" href=\"https:\/\/aquazen.club\/index.php\/aquazen-club\/\" \/>\n<meta property=\"og:locale\" content=\"fr_FR\" \/>\n<meta property=\"og:type\" content=\"article\" \/>\n<meta property=\"og:title\" content=\"Le club - AquaZen Club\" \/>\n<meta property=\"og:description\" content=\"AquaZen \u00e0 Vend\u00f4me : l&#039;apn\u00e9e autrement. Le souffle devient pouvoir, dans une pratique s\u00e9curis\u00e9e, bienveillante et solidaire.\" \/>\n<meta property=\"og:url\" content=\"https:\/\/aquazen.club\/index.php\/aquazen-club\/\" \/>\n<meta property=\"og:site_name\" content=\"AquaZen Club\" \/>\n<meta property=\"article:modified_time\" content=\"2024-10-08T18:52:14+00:00\" \/>\n<meta property=\"og:image\" content=\"https:\/\/aquazen.club\/wp-content\/uploads\/2024\/10\/Sous-leau.jpg\" \/>\n\t<meta property=\"og:image:width\" content=\"1368\" \/>\n\t<meta property=\"og:image:height\" content=\"766\" \/>\n\t<meta property=\"og:image:type\" content=\"image\/jpeg\" \/>\n<meta name=\"twitter:card\" content=\"summary_large_image\" \/>\n<meta name=\"twitter:label1\" content=\"Dur\u00e9e de lecture estim\u00e9e\" \/>\n\t<meta name=\"twitter:data1\" content=\"1 minute\" \/>\n<script type=\"application\/ld+json\" class=\"yoast-schema-graph\">{\"@context\":\"https:\\\/\\\/schema.org\",\"@graph\":[{\"@type\":\"WebPage\",\"@id\":\"https:\\\/\\\/aquazen.club\\\/index.php\\\/aquazen-club\\\/\",\"url\":\"https:\\\/\\\/aquazen.club\\\/index.php\\\/aquazen-club\\\/\",\"name\":\"Le club - AquaZen Club\",\"isPartOf\":{\"@id\":\"https:\\\/\\\/aquazen.club\\\/#website\"},\"primaryImageOfPage\":{\"@id\":\"https:\\\/\\\/aquazen.club\\\/index.php\\\/aquazen-club\\\/#primaryimage\"},\"image\":{\"@id\":\"https:\\\/\\\/aquazen.club\\\/index.php\\\/aquazen-club\\\/#primaryimage\"},\"thumbnailUrl\":\"https:\\\/\\\/aquazen.club\\\/wp-content\\\/uploads\\\/2024\\\/10\\\/Sous-leau.jpg\",\"datePublished\":\"2024-10-07T10:37:06+00:00\",\"dateModified\":\"2024-10-08T18:52:14+00:00\",\"description\":\"AquaZen \u00e0 Vend\u00f4me : l'apn\u00e9e autrement. Le souffle devient pouvoir, dans une pratique s\u00e9curis\u00e9e, bienveillante et solidaire.\",\"breadcrumb\":{\"@id\":\"https:\\\/\\\/aquazen.club\\\/index.php\\\/aquazen-club\\\/#breadcrumb\"},\"inLanguage\":\"fr-FR\",\"potentialAction\":[{\"@type\":\"ReadAction\",\"target\":[\"https:\\\/\\\/aquazen.club\\\/index.php\\\/aquazen-club\\\/\"]}]},{\"@type\":\"ImageObject\",\"inLanguage\":\"fr-FR\",\"@id\":\"https:\\\/\\\/aquazen.club\\\/index.php\\\/aquazen-club\\\/#primaryimage\",\"url\":\"https:\\\/\\\/aquazen.club\\\/wp-content\\\/uploads\\\/2024\\\/10\\\/Sous-leau.jpg\",\"contentUrl\":\"https:\\\/\\\/aquazen.club\\\/wp-content\\\/uploads\\\/2024\\\/10\\\/Sous-leau.jpg\",\"width\":1368,\"height\":766,\"caption\":\"apn\u00e9e en piscine\"},{\"@type\":\"BreadcrumbList\",\"@id\":\"https:\\\/\\\/aquazen.club\\\/index.php\\\/aquazen-club\\\/#breadcrumb\",\"itemListElement\":[{\"@type\":\"ListItem\",\"position\":1,\"name\":\"Accueil\",\"item\":\"https:\\\/\\\/aquazen.club\\\/\"},{\"@type\":\"ListItem\",\"position\":2,\"name\":\"Le club\"}]},{\"@type\":\"WebSite\",\"@id\":\"https:\\\/\\\/aquazen.club\\\/#website\",\"url\":\"https:\\\/\\\/aquazen.club\\\/\",\"name\":\"AquaZen Club\",\"description\":\"Respirez. Plongez. Grandissez.\",\"publisher\":{\"@id\":\"https:\\\/\\\/aquazen.club\\\/#organization\"},\"potentialAction\":[{\"@type\":\"SearchAction\",\"target\":{\"@type\":\"EntryPoint\",\"urlTemplate\":\"https:\\\/\\\/aquazen.club\\\/?s={search_term_string}\"},\"query-input\":{\"@type\":\"PropertyValueSpecification\",\"valueRequired\":true,\"valueName\":\"search_term_string\"}}],\"inLanguage\":\"fr-FR\"},{\"@type\":\"Organization\",\"@id\":\"https:\\\/\\\/aquazen.club\\\/#organization\",\"name\":\"AquaZen Club\",\"url\":\"https:\\\/\\\/aquazen.club\\\/\",\"logo\":{\"@type\":\"ImageObject\",\"inLanguage\":\"fr-FR\",\"@id\":\"https:\\\/\\\/aquazen.club\\\/#\\\/schema\\\/logo\\\/image\\\/\",\"url\":\"https:\\\/\\\/aquazen.club\\\/wp-content\\\/uploads\\\/2024\\\/11\\\/cropped-Logo-AquaZen.jpg\",\"contentUrl\":\"https:\\\/\\\/aquazen.club\\\/wp-content\\\/uploads\\\/2024\\\/11\\\/cropped-Logo-AquaZen.jpg\",\"width\":346,\"height\":314,\"caption\":\"AquaZen Club\"},\"image\":{\"@id\":\"https:\\\/\\\/aquazen.club\\\/#\\\/schema\\\/logo\\\/image\\\/\"}}]}<\/script>\n<!-- \/ Yoast SEO plugin. -->","yoast_head_json":{"title":"Le club - AquaZen Club","description":"AquaZen \u00e0 Vend\u00f4me : l'apn\u00e9e autrement. Le souffle devient pouvoir, dans une pratique s\u00e9curis\u00e9e, bienveillante et solidaire.","robots":{"index":"index","follow":"follow","max-snippet":"max-snippet:-1","max-image-preview":"max-image-preview:large","max-video-preview":"max-video-preview:-1"},"canonical":"https:\/\/aquazen.club\/index.php\/aquazen-club\/","og_locale":"fr_FR","og_type":"article","og_title":"Le club - AquaZen Club","og_description":"AquaZen \u00e0 Vend\u00f4me : l'apn\u00e9e autrement. Le souffle devient pouvoir, dans une pratique s\u00e9curis\u00e9e, bienveillante et solidaire.","og_url":"https:\/\/aquazen.club\/index.php\/aquazen-club\/","og_site_name":"AquaZen Club","article_modified_time":"2024-10-08T18:52:14+00:00","og_image":[{"width":1368,"height":766,"url":"https:\/\/aquazen.club\/wp-content\/uploads\/2024\/10\/Sous-leau.jpg","type":"image\/jpeg"}],"twitter_card":"summary_large_image","twitter_misc":{"Dur\u00e9e de lecture estim\u00e9e":"1 minute"},"schema":{"@context":"https:\/\/schema.org","@graph":[{"@type":"WebPage","@id":"https:\/\/aquazen.club\/index.php\/aquazen-club\/","url":"https:\/\/aquazen.club\/index.php\/aquazen-club\/","name":"Le club - AquaZen Club","isPartOf":{"@id":"https:\/\/aquazen.club\/#website"},"primaryImageOfPage":{"@id":"https:\/\/aquazen.club\/index.php\/aquazen-club\/#primaryimage"},"image":{"@id":"https:\/\/aquazen.club\/index.php\/aquazen-club\/#primaryimage"},"thumbnailUrl":"https:\/\/aquazen.club\/wp-content\/uploads\/2024\/10\/Sous-leau.jpg","datePublished":"2024-10-07T10:37:06+00:00","dateModified":"2024-10-08T18:52:14+00:00","description":"AquaZen \u00e0 Vend\u00f4me : l'apn\u00e9e autrement. Le souffle devient pouvoir, dans une pratique s\u00e9curis\u00e9e, bienveillante et solidaire.","breadcrumb":{"@id":"https:\/\/aquazen.club\/index.php\/aquazen-club\/#breadcrumb"},"inLanguage":"fr-FR","potentialAction":[{"@type":"ReadAction","target":["https:\/\/aquazen.club\/index.php\/aquazen-club\/"]}]},{"@type":"ImageObject","inLanguage":"fr-FR","@id":"https:\/\/aquazen.club\/index.php\/aquazen-club\/#primaryimage","url":"https:\/\/aquazen.club\/wp-content\/uploads\/2024\/10\/Sous-leau.jpg","contentUrl":"https:\/\/aquazen.club\/wp-content\/uploads\/2024\/10\/Sous-leau.jpg","width":1368,"height":766,"caption":"apn\u00e9e en piscine"},{"@type":"BreadcrumbList","@id":"https:\/\/aquazen.club\/index.php\/aquazen-club\/#breadcrumb","itemListElement":[{"@type":"ListItem","position":1,"name":"Accueil","item":"https:\/\/aquazen.club\/"},{"@type":"ListItem","position":2,"name":"Le club"}]},{"@type":"WebSite","@id":"https:\/\/aquazen.club\/#website","url":"https:\/\/aquazen.club\/","name":"AquaZen Club","description":"Respirez. Plongez. Grandissez.","publisher":{"@id":"https:\/\/aquazen.club\/#organization"},"potentialAction":[{"@type":"SearchAction","target":{"@type":"EntryPoint","urlTemplate":"https:\/\/aquazen.club\/?s={search_term_string}"},"query-input":{"@type":"PropertyValueSpecification","valueRequired":true,"valueName":"search_term_string"}}],"inLanguage":"fr-FR"},{"@type":"Organization","@id":"https:\/\/aquazen.club\/#organization","name":"AquaZen Club","url":"https:\/\/aquazen.club\/","logo":{"@type":"ImageObject","inLanguage":"fr-FR","@id":"https:\/\/aquazen.club\/#\/schema\/logo\/image\/","url":"https:\/\/aquazen.club\/wp-content\/uploads\/2024\/11\/cropped-Logo-AquaZen.jpg","contentUrl":"https:\/\/aquazen.club\/wp-content\/uploads\/2024\/11\/cropped-Logo-AquaZen.jpg","width":346,"height":314,"caption":"AquaZen Club"},"image":{"@id":"https:\/\/aquazen.club\/#\/schema\/logo\/image\/"}}]}},"_links":{"self":[{"href":"https:\/\/aquazen.club\/index.php\/wp-json\/wp\/v2\/pages\/2","targetHints":{"allow":["GET"]}}],"collection":[{"href":"https:\/\/aquazen.club\/index.php\/wp-json\/wp\/v2\/pages"}],"about":[{"href":"https:\/\/aquazen.club\/index.php\/wp-json\/wp\/v2\/types\/page"}],"author":[{"embeddable":true,"href":"https:\/\/aquazen.club\/index.php\/wp-json\/wp\/v2\/users\/2"}],"replies":[{"embeddable":true,"href":"https:\/\/aquazen.club\/index.php\/wp-json\/wp\/v2\/comments?post=2"}],"version-history":[{"count":3,"href":"https:\/\/aquazen.club\/index.php\/wp-json\/wp\/v2\/pages\/2\/revisions"}],"predecessor-version":[{"id":34,"href":"https:\/\/aquazen.club\/index.php\/wp-json\/wp\/v2\/pages\/2\/revisions\/34"}],"wp:featuredmedia":[{"embeddable":true,"href":"https:\/\/aquazen.club\/index.php\/wp-json\/wp\/v2\/media\/32"}],"wp:attachment":[{"href":"https:\/\/aquazen.club\/index.php\/wp-json\/wp\/v2\/media?parent=2"}],"curies":[{"name":"wp","href":"https:\/\/api.w.org\/{rel}","templated":true}]}}